{"id":507,"date":"2021-02-25T08:20:24","date_gmt":"2021-02-25T08:20:24","guid":{"rendered":"https:\/\/skola.madrasthemes.com\/?page_id=507"},"modified":"2024-08-09T12:27:36","modified_gmt":"2024-08-09T17:27:36","slug":"faq-2","status":"publish","type":"page","link":"https:\/\/antvart.com\/es\/faq-2\/","title":{"rendered":"Preguntas Frecuentes"},"content":{"rendered":"<div data-elementor-type=\"wp-page\" data-elementor-id=\"507\" class=\"elementor elementor-507\">\n\t\t\t\t\t\t<section class=\"elementor-section elementor-top-section elementor-element elementor-element-5117e51 py-8 py-md-11 elementor-section-boxed elementor-section-height-default elementor-section-height-default\" data-id=\"5117e51\" data-element_type=\"section\">\n\t\t\t\t\t\t<div class=\"elementor-container elementor-column-gap-default\">\n\t\t\t\t\t<div class=\"elementor-column elementor-col-100 elementor-top-column elementor-element elementor-element-e689e69 py-xl-2\" data-id=\"e689e69\" data-element_type=\"column\">\n\t\t\t<div class=\"p-0 elementor-widget-wrap elementor-element-populated\">\n\t\t\t\t\t\t<div class=\"elementor-element elementor-element-c4fadce elementor-widget elementor-widget-sk-post-title elementor-page-title elementor-widget-heading\" data-id=\"c4fadce\" data-element_type=\"widget\" data-widget_type=\"sk-post-title.default\">\n\t\t\t\t<div class=\"elementor-widget-container\">\n\t\t\t<h1 class=\"skola-heading__title font-weight-semi-bold mb-0 display-4\">Preguntas Frecuentes<\/h1>\t\t<\/div>\n\t\t\t\t<\/div>\n\t\t\t\t<div class=\"elementor-element elementor-element-b7187f2 elementor-widget elementor-widget-sk-skola-breadcrumb\" data-id=\"b7187f2\" data-element_type=\"widget\" data-widget_type=\"sk-skola-breadcrumb.default\">\n\t\t\t\t<div class=\"elementor-widget-container\">\n\t\t\t<nav aria-label=\"breadcrumb\"><ol class=\"breadcrumb breadcrumb-scroll justify-content-center\"><li class=\"breadcrumb-item text-gray-800 active\"><span>Home<\/span><\/li><\/ol><\/nav>\t\t<\/div>\n\t\t\t\t<\/div>\n\t\t\t\t\t<\/div>\n\t\t<\/div>\n\t\t\t\t\t<\/div>\n\t\t<\/section>\n\t\t\t\t<section class=\"elementor-section elementor-top-section elementor-element elementor-element-347d981 elementor-section-boxed elementor-section-height-default elementor-section-height-default\" data-id=\"347d981\" data-element_type=\"section\">\n\t\t\t\t\t\t<div class=\"elementor-container elementor-column-gap-default container mb-11\">\n\t\t\t\t\t<div class=\"elementor-column elementor-col-100 elementor-top-column elementor-element elementor-element-610781f\" data-id=\"610781f\" data-element_type=\"column\">\n\t\t\t<div class=\"p-0 elementor-widget-wrap elementor-element-populated\">\n\t\t\t\t\t\t<section class=\"elementor-section elementor-inner-section elementor-element elementor-element-f3679a3 elementor-section-boxed elementor-section-height-default elementor-section-height-default\" data-id=\"f3679a3\" data-element_type=\"section\">\n\t\t\t\t\t\t<div class=\"elementor-container elementor-column-gap-default mb-4\">\n\t\t\t\t\t<div class=\"elementor-column elementor-col-100 elementor-inner-column elementor-element elementor-element-cff22c5\" data-id=\"cff22c5\" data-element_type=\"column\">\n\t\t\t<div class=\"w-xl-65 mx-auto p-0 elementor-widget-wrap elementor-element-populated\">\n\t\t\t\t\t\t<div class=\"elementor-element elementor-element-fc13d41 elementor-widget elementor-widget-highlighted-heading\" data-id=\"fc13d41\" data-element_type=\"widget\" data-widget_type=\"highlighted-heading.default\">\n\t\t\t\t<div class=\"elementor-widget-container\">\n\t\t\t<h1 class=\"skola-elementor-highlighted-heading__title\">Pago<\/h1>\t\t<\/div>\n\t\t\t\t<\/div>\n\t\t\t\t<div class=\"elementor-element elementor-element-9806eb9 elementor-widget elementor-widget-accordion\" data-id=\"9806eb9\" data-element_type=\"widget\" data-widget_type=\"accordion.sk-accordion-card\">\n\t\t\t\t<div class=\"elementor-widget-container\">\n\t\t\t<style>\/*! elementor - v3.22.0 - 26-06-2024 *\/\n.elementor-accordion{text-align:start}.elementor-accordion .elementor-accordion-item{border:1px solid #d5d8dc}.elementor-accordion .elementor-accordion-item+.elementor-accordion-item{border-top:none}.elementor-accordion .elementor-tab-title{margin:0;padding:15px 20px;font-weight:700;line-height:1;cursor:pointer;outline:none}.elementor-accordion .elementor-tab-title .elementor-accordion-icon{display:inline-block;width:1.5em}.elementor-accordion .elementor-tab-title .elementor-accordion-icon svg{width:1em;height:1em}.elementor-accordion .elementor-tab-title .elementor-accordion-icon.elementor-accordion-icon-right{float:right;text-align:right}.elementor-accordion .elementor-tab-title .elementor-accordion-icon.elementor-accordion-icon-left{float:left;text-align:left}.elementor-accordion .elementor-tab-title .elementor-accordion-icon .elementor-accordion-icon-closed{display:block}.elementor-accordion .elementor-tab-title .elementor-accordion-icon .elementor-accordion-icon-opened,.elementor-accordion .elementor-tab-title.elementor-active .elementor-accordion-icon-closed{display:none}.elementor-accordion .elementor-tab-title.elementor-active .elementor-accordion-icon-opened{display:block}.elementor-accordion .elementor-tab-content{display:none;padding:15px 20px;border-top:1px solid #d5d8dc}@media (max-width:767px){.elementor-accordion .elementor-tab-title{padding:12px 15px}.elementor-accordion .elementor-tab-title .elementor-accordion-icon{width:1.2em}.elementor-accordion .elementor-tab-content{padding:7px 15px}}.e-con-inner>.elementor-widget-accordion,.e-con>.elementor-widget-accordion{width:var(--container-widget-width);--flex-grow:var(--container-widget-flex-grow)}<\/style>        <div class=\"skola-accordion mb-8\" id=\"accordion-159\"><div class=\"border rounded shadow mb-6 overflow-hidden card-active\">\n                <div class=\"d-flex align-items-center\" id=\"collapse-title-1591\">\n                     <h5 class=\"skola-accordion__title mb-0 w-100\">\n                        <button class=\"skola-tab-title d-flex align-items-center text-left p-5 min-height-80 text-dark font-weight-medium collapse-accordion-toggle line-height-one\" type=\"button\" data-toggle=\"collapse\" data-target=\"#collapse-1591\" aria-expanded=\"true\" aria-controls=\"collapse-1591\">\n                            Que formas de pago existen?                            <span class=\"ml-auto text-dark d-flex\">\n                                <svg width=\"15\" height=\"2\" viewbox=\"0 0 15 2\" fill=\"none\" xmlns=\"http:\/\/www.w3.org\/2000\/svg\">\n                                    <rect width=\"15\" height=\"2\" fill=\"currentColor\"\/>\n                                <\/svg>\n                                <svg width=\"15\" height=\"16\" viewbox=\"0 0 15 16\" fill=\"none\" xmlns=\"http:\/\/www.w3.org\/2000\/svg\">\n                                    <path d=\"M0 7H15V9H0V7Z\" fill=\"currentColor\"\/>\n                                    <path d=\"M6 16L6 8.74228e-08L8 0L8 16H6Z\" fill=\"currentColor\"\/>\n                                <\/svg>\n                            <\/span>\n                        <\/button>\n                     <\/h5>\n                <\/div>\n                <div class=\"collapse show\" id=\"collapse-1591\" aria-labelledby=\"collapse-1591\" data-parent=\"#accordion-159\">\n                    <div class=\"skola-accordion__content p-6 border-top\">\n                     <p>En esta etapa inicial solo tenemos el pago con deposito en cuenta bancaria y de forma presencial en efectivo.<\/p>                    <\/div>\n                <\/div>\n            <\/div><div class=\"border rounded shadow mb-6 overflow-hidden\">\n                <div class=\"d-flex align-items-center\" id=\"collapse-title-1592\">\n                     <h5 class=\"skola-accordion__title mb-0 w-100\">\n                        <button class=\"skola-tab-title d-flex align-items-center text-left p-5 min-height-80 text-dark font-weight-medium collapse-accordion-toggle line-height-one\" type=\"button\" data-toggle=\"collapse\" data-target=\"#collapse-1592\" aria-expanded=\"false\" aria-controls=\"collapse-1592\">\n                            Como puedo solicitar un reembolso?                            <span class=\"ml-auto text-dark d-flex\">\n                                <svg width=\"15\" height=\"2\" viewbox=\"0 0 15 2\" fill=\"none\" xmlns=\"http:\/\/www.w3.org\/2000\/svg\">\n                                    <rect width=\"15\" height=\"2\" fill=\"currentColor\"\/>\n                                <\/svg>\n                                <svg width=\"15\" height=\"16\" viewbox=\"0 0 15 16\" fill=\"none\" xmlns=\"http:\/\/www.w3.org\/2000\/svg\">\n                                    <path d=\"M0 7H15V9H0V7Z\" fill=\"currentColor\"\/>\n                                    <path d=\"M6 16L6 8.74228e-08L8 0L8 16H6Z\" fill=\"currentColor\"\/>\n                                <\/svg>\n                            <\/span>\n                        <\/button>\n                     <\/h5>\n                <\/div>\n                <div class=\"collapse\" id=\"collapse-1592\" aria-labelledby=\"collapse-1592\" data-parent=\"#accordion-159\">\n                    <div class=\"skola-accordion__content p-6 border-top\">\n                     <p>Debes contactarte con nuestro equipo de soporte al correo ventas@antvart.com<\/p>                    <\/div>\n                <\/div>\n            <\/div><div class=\"border rounded shadow mb-6 overflow-hidden\">\n                <div class=\"d-flex align-items-center\" id=\"collapse-title-1593\">\n                     <h5 class=\"skola-accordion__title mb-0 w-100\">\n                        <button class=\"skola-tab-title d-flex align-items-center text-left p-5 min-height-80 text-dark font-weight-medium collapse-accordion-toggle line-height-one\" type=\"button\" data-toggle=\"collapse\" data-target=\"#collapse-1593\" aria-expanded=\"false\" aria-controls=\"collapse-1593\">\n                            Habr\u00e1 m\u00e1s cursos gratuitos en el futuro?                            <span class=\"ml-auto text-dark d-flex\">\n                                <svg width=\"15\" height=\"2\" viewbox=\"0 0 15 2\" fill=\"none\" xmlns=\"http:\/\/www.w3.org\/2000\/svg\">\n                                    <rect width=\"15\" height=\"2\" fill=\"currentColor\"\/>\n                                <\/svg>\n                                <svg width=\"15\" height=\"16\" viewbox=\"0 0 15 16\" fill=\"none\" xmlns=\"http:\/\/www.w3.org\/2000\/svg\">\n                                    <path d=\"M0 7H15V9H0V7Z\" fill=\"currentColor\"\/>\n                                    <path d=\"M6 16L6 8.74228e-08L8 0L8 16H6Z\" fill=\"currentColor\"\/>\n                                <\/svg>\n                            <\/span>\n                        <\/button>\n                     <\/h5>\n                <\/div>\n                <div class=\"collapse\" id=\"collapse-1593\" aria-labelledby=\"collapse-1593\" data-parent=\"#accordion-159\">\n                    <div class=\"skola-accordion__content p-6 border-top\">\n                     <p>S\u00ed, estamos trabajando en el desarrollo de m\u00e1s cursos gratuitos en diversas \u00e1reas. Mantente atento a nuestras actualizaciones para conocer los nuevos cursos disponibles.<\/p>                    <\/div>\n                <\/div>\n            <\/div><\/div>\t\t<\/div>\n\t\t\t\t<\/div>\n\t\t\t\t\t<\/div>\n\t\t<\/div>\n\t\t\t\t\t<\/div>\n\t\t<\/section>\n\t\t\t\t<section class=\"elementor-section elementor-inner-section elementor-element elementor-element-78379fa elementor-section-boxed elementor-section-height-default elementor-section-height-default\" data-id=\"78379fa\" data-element_type=\"section\">\n\t\t\t\t\t\t<div class=\"elementor-container elementor-column-gap-default mb-4\">\n\t\t\t\t\t<div class=\"elementor-column elementor-col-100 elementor-inner-column elementor-element elementor-element-7ae75b3\" data-id=\"7ae75b3\" data-element_type=\"column\">\n\t\t\t<div class=\"w-xl-65 mx-auto p-0 elementor-widget-wrap elementor-element-populated\">\n\t\t\t\t\t\t<div class=\"elementor-element elementor-element-213a4c4 elementor-widget elementor-widget-highlighted-heading\" data-id=\"213a4c4\" data-element_type=\"widget\" data-widget_type=\"highlighted-heading.default\">\n\t\t\t\t<div class=\"elementor-widget-container\">\n\t\t\t<h1 class=\"skola-elementor-highlighted-heading__title\">Cursos<\/h1>\t\t<\/div>\n\t\t\t\t<\/div>\n\t\t\t\t<div class=\"elementor-element elementor-element-d65c3fc elementor-widget elementor-widget-accordion\" data-id=\"d65c3fc\" data-element_type=\"widget\" data-widget_type=\"accordion.sk-accordion-card\">\n\t\t\t\t<div class=\"elementor-widget-container\">\n\t\t\t        <div class=\"skola-accordion mb-8\" id=\"accordion-224\"><div class=\"border rounded shadow mb-6 overflow-hidden card-active\">\n                <div class=\"d-flex align-items-center\" id=\"collapse-title-2241\">\n                     <h5 class=\"skola-accordion__title mb-0 w-100\">\n                        <button class=\"skola-tab-title d-flex align-items-center text-left p-5 min-height-80 text-dark font-weight-medium collapse-accordion-toggle line-height-one\" type=\"button\" data-toggle=\"collapse\" data-target=\"#collapse-2241\" aria-expanded=\"true\" aria-controls=\"collapse-2241\">\n                            Qu\u00e9 tipos de cursos ofrecen?                             <span class=\"ml-auto text-dark d-flex\">\n                                <svg width=\"15\" height=\"2\" viewbox=\"0 0 15 2\" fill=\"none\" xmlns=\"http:\/\/www.w3.org\/2000\/svg\">\n                                    <rect width=\"15\" height=\"2\" fill=\"currentColor\"\/>\n                                <\/svg>\n                                <svg width=\"15\" height=\"16\" viewbox=\"0 0 15 16\" fill=\"none\" xmlns=\"http:\/\/www.w3.org\/2000\/svg\">\n                                    <path d=\"M0 7H15V9H0V7Z\" fill=\"currentColor\"\/>\n                                    <path d=\"M6 16L6 8.74228e-08L8 0L8 16H6Z\" fill=\"currentColor\"\/>\n                                <\/svg>\n                            <\/span>\n                        <\/button>\n                     <\/h5>\n                <\/div>\n                <div class=\"collapse show\" id=\"collapse-2241\" aria-labelledby=\"collapse-2241\" data-parent=\"#accordion-224\">\n                    <div class=\"skola-accordion__content p-6 border-top\">\n                     <p>Actualmente, ofrecemos un curso especializado, dise\u00f1ado para todos los niveles de habilidad, desde principiantes hasta avanzados. Estamos desarrollando m\u00e1s cursos en diversas \u00e1reas que estar\u00e1n disponibles en un futuro.<\/p>                    <\/div>\n                <\/div>\n            <\/div><div class=\"border rounded shadow mb-6 overflow-hidden\">\n                <div class=\"d-flex align-items-center\" id=\"collapse-title-2242\">\n                     <h5 class=\"skola-accordion__title mb-0 w-100\">\n                        <button class=\"skola-tab-title d-flex align-items-center text-left p-5 min-height-80 text-dark font-weight-medium collapse-accordion-toggle line-height-one\" type=\"button\" data-toggle=\"collapse\" data-target=\"#collapse-2242\" aria-expanded=\"false\" aria-controls=\"collapse-2242\">\n                            Hay un l\u00edmite de tiempo para completar los cursos?                             <span class=\"ml-auto text-dark d-flex\">\n                                <svg width=\"15\" height=\"2\" viewbox=\"0 0 15 2\" fill=\"none\" xmlns=\"http:\/\/www.w3.org\/2000\/svg\">\n                                    <rect width=\"15\" height=\"2\" fill=\"currentColor\"\/>\n                                <\/svg>\n                                <svg width=\"15\" height=\"16\" viewbox=\"0 0 15 16\" fill=\"none\" xmlns=\"http:\/\/www.w3.org\/2000\/svg\">\n                                    <path d=\"M0 7H15V9H0V7Z\" fill=\"currentColor\"\/>\n                                    <path d=\"M6 16L6 8.74228e-08L8 0L8 16H6Z\" fill=\"currentColor\"\/>\n                                <\/svg>\n                            <\/span>\n                        <\/button>\n                     <\/h5>\n                <\/div>\n                <div class=\"collapse\" id=\"collapse-2242\" aria-labelledby=\"collapse-2242\" data-parent=\"#accordion-224\">\n                    <div class=\"skola-accordion__content p-6 border-top\">\n                     <p>No, puedes completar los cursos a tu propio ritmo. Una vez que te inscribes, tendr\u00e1s acceso ilimitado al contenido del curso.<\/p>                    <\/div>\n                <\/div>\n            <\/div><div class=\"border rounded shadow mb-6 overflow-hidden\">\n                <div class=\"d-flex align-items-center\" id=\"collapse-title-2243\">\n                     <h5 class=\"skola-accordion__title mb-0 w-100\">\n                        <button class=\"skola-tab-title d-flex align-items-center text-left p-5 min-height-80 text-dark font-weight-medium collapse-accordion-toggle line-height-one\" type=\"button\" data-toggle=\"collapse\" data-target=\"#collapse-2243\" aria-expanded=\"false\" aria-controls=\"collapse-2243\">\n                            Los cursos est\u00e1n disponibles en otros idiomas?                             <span class=\"ml-auto text-dark d-flex\">\n                                <svg width=\"15\" height=\"2\" viewbox=\"0 0 15 2\" fill=\"none\" xmlns=\"http:\/\/www.w3.org\/2000\/svg\">\n                                    <rect width=\"15\" height=\"2\" fill=\"currentColor\"\/>\n                                <\/svg>\n                                <svg width=\"15\" height=\"16\" viewbox=\"0 0 15 16\" fill=\"none\" xmlns=\"http:\/\/www.w3.org\/2000\/svg\">\n                                    <path d=\"M0 7H15V9H0V7Z\" fill=\"currentColor\"\/>\n                                    <path d=\"M6 16L6 8.74228e-08L8 0L8 16H6Z\" fill=\"currentColor\"\/>\n                                <\/svg>\n                            <\/span>\n                        <\/button>\n                     <\/h5>\n                <\/div>\n                <div class=\"collapse\" id=\"collapse-2243\" aria-labelledby=\"collapse-2243\" data-parent=\"#accordion-224\">\n                    <div class=\"skola-accordion__content p-6 border-top\">\n                     <p>Actualmente, nuestros cursos est\u00e1n disponibles principalmente en espa\u00f1ol, pero estamos trabajando para agregar m\u00e1s opciones de idiomas en un futuro.<\/p>                    <\/div>\n                <\/div>\n            <\/div><div class=\"border rounded shadow mb-6 overflow-hidden\">\n                <div class=\"d-flex align-items-center\" id=\"collapse-title-2244\">\n                     <h5 class=\"skola-accordion__title mb-0 w-100\">\n                        <button class=\"skola-tab-title d-flex align-items-center text-left p-5 min-height-80 text-dark font-weight-medium collapse-accordion-toggle line-height-one\" type=\"button\" data-toggle=\"collapse\" data-target=\"#collapse-2244\" aria-expanded=\"false\" aria-controls=\"collapse-2244\">\n                            C\u00f3mo puedo proporcionar feedback sobre el curso?                            <span class=\"ml-auto text-dark d-flex\">\n                                <svg width=\"15\" height=\"2\" viewbox=\"0 0 15 2\" fill=\"none\" xmlns=\"http:\/\/www.w3.org\/2000\/svg\">\n                                    <rect width=\"15\" height=\"2\" fill=\"currentColor\"\/>\n                                <\/svg>\n                                <svg width=\"15\" height=\"16\" viewbox=\"0 0 15 16\" fill=\"none\" xmlns=\"http:\/\/www.w3.org\/2000\/svg\">\n                                    <path d=\"M0 7H15V9H0V7Z\" fill=\"currentColor\"\/>\n                                    <path d=\"M6 16L6 8.74228e-08L8 0L8 16H6Z\" fill=\"currentColor\"\/>\n                                <\/svg>\n                            <\/span>\n                        <\/button>\n                     <\/h5>\n                <\/div>\n                <div class=\"collapse\" id=\"collapse-2244\" aria-labelledby=\"collapse-2244\" data-parent=\"#accordion-224\">\n                    <div class=\"skola-accordion__content p-6 border-top\">\n                     <p>Nos encantar\u00eda escuchar tu opini\u00f3n. Puedes dejar tus comentarios y sugerencias en el foro del curso o enviarnos un correo electr\u00f3nico. ventas@antvart.com<\/p>                    <\/div>\n                <\/div>\n            <\/div><div class=\"border rounded shadow mb-6 overflow-hidden\">\n                <div class=\"d-flex align-items-center\" id=\"collapse-title-2245\">\n                     <h5 class=\"skola-accordion__title mb-0 w-100\">\n                        <button class=\"skola-tab-title d-flex align-items-center text-left p-5 min-height-80 text-dark font-weight-medium collapse-accordion-toggle line-height-one\" type=\"button\" data-toggle=\"collapse\" data-target=\"#collapse-2245\" aria-expanded=\"false\" aria-controls=\"collapse-2245\">\n                            C\u00f3mo puedo contactar al instructor si tengo preguntas?                            <span class=\"ml-auto text-dark d-flex\">\n                                <svg width=\"15\" height=\"2\" viewbox=\"0 0 15 2\" fill=\"none\" xmlns=\"http:\/\/www.w3.org\/2000\/svg\">\n                                    <rect width=\"15\" height=\"2\" fill=\"currentColor\"\/>\n                                <\/svg>\n                                <svg width=\"15\" height=\"16\" viewbox=\"0 0 15 16\" fill=\"none\" xmlns=\"http:\/\/www.w3.org\/2000\/svg\">\n                                    <path d=\"M0 7H15V9H0V7Z\" fill=\"currentColor\"\/>\n                                    <path d=\"M6 16L6 8.74228e-08L8 0L8 16H6Z\" fill=\"currentColor\"\/>\n                                <\/svg>\n                            <\/span>\n                        <\/button>\n                     <\/h5>\n                <\/div>\n                <div class=\"collapse\" id=\"collapse-2245\" aria-labelledby=\"collapse-2245\" data-parent=\"#accordion-224\">\n                    <div class=\"skola-accordion__content p-6 border-top\">\n                     <p>Puedes comunicarte con los instructores a trav\u00e9s del foro de discusi\u00f3n del curso o mediante el correo electr\u00f3nico a capacitacion@antvart.com.<\/p>                    <\/div>\n                <\/div>\n            <\/div><\/div>\t\t<\/div>\n\t\t\t\t<\/div>\n\t\t\t\t\t<\/div>\n\t\t<\/div>\n\t\t\t\t\t<\/div>\n\t\t<\/section>\n\t\t\t\t\t<\/div>\n\t\t<\/div>\n\t\t\t\t\t<\/div>\n\t\t<\/section>\n\t\t\t\t<\/div>","protected":false},"excerpt":{"rendered":"<p>Pago Que formas de pago existen? En esta etapa inicial solo tenemos el pago con deposito en cuenta bancaria y [&hellip;]<\/p>","protected":false},"author":1,"featured_media":0,"parent":0,"menu_order":0,"comment_status":"closed","ping_status":"closed","template":"elementor_header_footer","meta":{"_acf_changed":false,"footnotes":""},"class_list":["post-507","page","type-page","status-publish","hentry"],"acf":[],"_links":{"self":[{"href":"https:\/\/antvart.com\/es\/wp-json\/wp\/v2\/pages\/507","targetHints":{"allow":["GET"]}}],"collection":[{"href":"https:\/\/antvart.com\/es\/wp-json\/wp\/v2\/pages"}],"about":[{"href":"https:\/\/antvart.com\/es\/wp-json\/wp\/v2\/types\/page"}],"author":[{"embeddable":true,"href":"https:\/\/antvart.com\/es\/wp-json\/wp\/v2\/users\/1"}],"replies":[{"embeddable":true,"href":"https:\/\/antvart.com\/es\/wp-json\/wp\/v2\/comments?post=507"}],"version-history":[{"count":9,"href":"https:\/\/antvart.com\/es\/wp-json\/wp\/v2\/pages\/507\/revisions"}],"predecessor-version":[{"id":13327,"href":"https:\/\/antvart.com\/es\/wp-json\/wp\/v2\/pages\/507\/revisions\/13327"}],"wp:attachment":[{"href":"https:\/\/antvart.com\/es\/wp-json\/wp\/v2\/media?parent=507"}],"curies":[{"name":"wp","href":"https:\/\/api.w.org\/{rel}","templated":true}]}}