{"id":3,"date":"2024-06-14T12:58:26","date_gmt":"2024-06-14T17:58:26","guid":{"rendered":"https:\/\/antvart.com\/?page_id=3"},"modified":"2024-07-18T12:14:18","modified_gmt":"2024-07-18T17:14:18","slug":"politica-privacidad","status":"publish","type":"page","link":"https:\/\/antvart.com\/es\/politica-privacidad\/","title":{"rendered":"Pol\u00edtica de Privacidad"},"content":{"rendered":"<p>Esta Pol\u00edtica de Privacidad (en conjunto con los t\u00e9rminos y condiciones de uso y cualquier documento referido en esta \u00faltima), define las bases sobre las cuales cualquier informaci\u00f3n suya recolectada ser\u00e1 procesada por nosotros. Por favor lea detalladamente para entender los tipos de informaci\u00f3n que recolectamos de usted, c\u00f3mo usamos esa informaci\u00f3n y como hacer ejercicio de los derechos ARCO.<\/p>\n\n\n\n<p>Al darle click al \u201ccheckbox\u201d que aparece como pop-up al ingresar a la p\u00e1gina web, usted est\u00e1 aceptando la presente Pol\u00edtica de Privacidad y consintiendo los t\u00e9rminos y condiciones descritos en la misma.<\/p>\n\n\n\n<p>Para prop\u00f3sitos de las leyes asociadas a la protecci\u00f3n de datos personales, la entidad que recopila y trata los datos personales en la plataforma web es GRUPO ANTVART S.A.C., con RUC N\u00ba 20609743345 y con domicilio en Av. Los libertadores 225 &#8211; Lima \u2013 Lima \u2013 Ate cuya finalidad es gestionar las compras, elaboraci\u00f3n de un perfil comercial, publicidad, cotizaciones y peticiones que el Usuario realice en la p\u00e1gina web de GRUPO ANTVART S.A.C., sobre nuestros servicios y productos.<\/p>\n\n\n\n<p>Para llevar a cabo las finalidades descritas en la presente pol\u00edtica de privacidad, es obligatorio nos proporcione los siguientes datos personales: nombre y apellidos, de correo electr\u00f3nico. el n\u00famero de tel\u00e9fono. No utilizaremos datos sensibles.<\/p>\n\n\n\n<p>En caso de no estar de acuerdo con la Pol\u00edtica de Privacidad, no podr\u00eda hacer uso de nuestra caja para contactarnos y no se le podr\u00e1 brindar cotizaciones de nuestros servicios o productos.<\/p>\n\n\n\n<p>El destinatario directo es el \u00e1rea comercial y de marketing de GRUPO ANTVART S.A.C.,<\/p>\n\n\n\n<p>La informaci\u00f3n ser\u00e1 futuramente almacenada en el Banco de Datos de \u201cClientes y Prospectos de Clientes\u201d inscrito en el Registro Nacional de Protecci\u00f3n de Datos Personales con el c\u00f3digo RNPDP cuya resoluci\u00f3n directoral se encuentra en tr\u00e1mite.<\/p>\n\n\n\n<p>Los datos ser\u00e1n conservados mientras dure la relaci\u00f3n contractual, posteriormente a la misma, se conservar\u00e1n los datos para acciones promocionales hasta que revoque su consentimiento.<\/p>\n\n\n\n<p>Puede ejercer los \/Derechos ARCO) derechos de acceso, rectificaci\u00f3n, cancelaci\u00f3n y oposici\u00f3n, a trav\u00e9s del correo electr\u00f3nico ventas@antvart.com o en nuestras oficinas ubicadas en la direcci\u00f3n se\u00f1alada. Adem\u00e1s de los anteriores derechos, el Usuario tendr\u00e1 derecho a retirar el consentimiento otorgado en cualquier momento mediante el procedimiento m\u00e1s arriba descrito, sin que dicha retirada de consentimiento afecte a la licitud del tratamiento anterior a la retirada del mismo. De considerar que no ha sido atendido en el ejercicio de sus derechos puede presentar una reclamaci\u00f3n ante la Autoridad Nacional de Protecci\u00f3n de Datos Personales.<\/p>\n\n\n\n<p>\u00bfQU\u00c9 SON LOS DERECHOS ARCO?<\/p>\n\n\n\n<p>Los derechos ARCO (Acceso, Rectificaci\u00f3n, Cancelaci\u00f3n y Oposici\u00f3n) permiten al ciudadano obtener informaci\u00f3n sobre sus propios datos y el tratamiento que les dan: cu\u00e1l es su origen, finalidad y de qu\u00e9 forma se est\u00e1n comunicando o compartiendo.<\/p>\n\n\n\n<p>Acceso: el derecho a saber qu\u00e9 datos personales tienen sobre ti, preguntar c\u00f3mo los obtuvieron, para qu\u00e9 los utilizaron, con qui\u00e9n los han compartido y todos los detalles de su uso.<\/p>\n\n\n\n<p>Rectificaci\u00f3n: el derecho a modificar y actualizar tus datos personales, cuando estos sean err\u00f3neos, inexactos o incompletos.<\/p>\n\n\n\n<p>Cancelaci\u00f3n: el derecho a cancelar el uso de tus datos personales cuando la finalidad para la que los entregaste ha concluido, venci\u00f3 el plazo establecido para su tratamiento, o revocaste el consentimiento.<\/p>\n\n\n\n<p>Oposici\u00f3n: el derecho a oponerte al uso de tus datos porque te est\u00e1n generando un perjuicio en diversos \u00e1mbitos, situaci\u00f3n que se presenta con mayor frecuencia en plataformas digitales.<\/p>\n\n\n\n<p>\u00bfD\u00d3NDE ALMACENAMOS SU INFORMACI\u00d3N PERSONAL?<\/p>\n\n\n\n<p>La informaci\u00f3n recolectada es almacenada en el Per\u00fa.<\/p>\n\n\n\n<p>Al aceptar el contenido de esta Pol\u00edtica de Privacidad, usted acepta estar de acuerdo con el eventual almacenamiento o procesamiento de sus datos. Nosotros tomaremos todas las medidas t\u00e9cnicas, legales y organizacionales necesarias para asegurarnos que su informaci\u00f3n sea tratada de forma segura y de acuerdo con la Pol\u00edtica de Privacidad.<\/p>\n\n\n\n<p>Una vez recibida la informaci\u00f3n, utilizamos procedimientos estrictos y procesos de seguridad para evitar cualquier acceso a esta sin autorizaci\u00f3n, incluyendo las medidas t\u00e9cnicas, legales y organizacionales correspondientes. Nosotros restringimos el acceso a su informaci\u00f3n personal a empleados de GRUPO ANTVART S.A.C., que tengan necesidad de conocerla por razones asociadas a los servicios brindados.<\/p>\n\n\n\n<p>\u00bfCU\u00c1LES SON SUS DERECHOS?<\/p>\n\n\n\n<p>Como titular de sus datos personales, usted tiene el derecho de acceder a sus datos; conocer las caracter\u00edsticas de su tratamiento; rectificarlos en caso de ser inexactos o incompletos; solicitar que sean suprimidos o cancelados al considerarlos innecesarios para las finalidades previamente expuestas; o bien, oponerse a su tratamiento para fines espec\u00edficos. Usted podr\u00e1 en todo momento revocar el consentimiento otorgado expresamente, tanto como limitar el uso o divulgaci\u00f3n de sus datos personales. Adicionalmente, usted tiene el derecho de solicitarnos no procesar su informaci\u00f3n para fines de marketing y\/o publicidad comercial contact\u00e1ndonos a ventas@antvart.com.<\/p>\n\n\n\n<p>Nuestra plataforma web podr\u00eda contener links a otras plataformas web de empresas aliadas, afiliadas o publicitarias. Si usted sigue un link hacia cualquiera de estas plataformas, por favor tenga en cuenta que ellas tienen sus propias pol\u00edticas de privacidad y que nosotros no aceptamos ninguna responsabilidad por ellas. Se recomienda revisar dichas pol\u00edticas antes de enviar informaci\u00f3n a cualquiera de esas plataformas.<\/p>\n\n\n\n<p>\u00bfCAMBIOS A LA POL\u00cdTICA DE PRIVACIDAD?<\/p>\n\n\n\n<p>Cualquier cambio que se realice a nuestra Pol\u00edtica de Privacidad en el futuro ser\u00e1 publicado en esta plataforma y notificada a usted v\u00eda correo electr\u00f3nico, de ser apropiado. Se recomienda revisar frecuentemente esta plataforma para ver cualquier actualizaci\u00f3n o cambios a nuestra Pol\u00edtica de Privacidad<\/p>\n\n\n\n<p>\u00bfCU\u00c1L ES EL MARCO NORMATIVO?<\/p>\n\n\n\n<p>\u2013 Ley N\u00b0 29733 \u2013 Ley de Protecci\u00f3n de Datos Personales y su Reglamento, aprobado por el Decreto Supremo N\u00ba 003-2013-JUS y reglamento.<\/p>\n\n\n\n<p>\u00bfCU\u00c1L ES LA LEY Y JURISDICCI\u00d3N?<\/p>\n\n\n\n<p>Esta pol\u00edtica de privacidad y cualquier disputa o reclamo que surjan como consecuencia de esta se encuentra normada por la ley peruana. Adicionalmente, para la resoluci\u00f3n de los conflictos, estos ser\u00e1n resueltos en los juzgados y tribunales del domicilio del usuario.<\/p>\n\n\n\n<p>\u00bfC\u00d3MO CONTACTARNOS?<\/p>\n\n\n\n<p>Contacto Preguntas, solicitudes y comentarios asociados a esta Pol\u00edtica de Privacidad son bienvenidos y deber\u00e1n ser dirigidos a ventas@antvart.com.<\/p>","protected":false},"excerpt":{"rendered":"<p>Esta Pol\u00edtica de Privacidad (en conjunto con los t\u00e9rminos y condiciones de uso y cualquier documento referido en esta \u00faltima), [&hellip;]<\/p>","protected":false},"author":1,"featured_media":0,"parent":0,"menu_order":0,"comment_status":"closed","ping_status":"closed","template":"","meta":{"_acf_changed":false,"footnotes":""},"class_list":["post-3","page","type-page","status-publish","hentry"],"acf":[],"_links":{"self":[{"href":"https:\/\/antvart.com\/es\/wp-json\/wp\/v2\/pages\/3","targetHints":{"allow":["GET"]}}],"collection":[{"href":"https:\/\/antvart.com\/es\/wp-json\/wp\/v2\/pages"}],"about":[{"href":"https:\/\/antvart.com\/es\/wp-json\/wp\/v2\/types\/page"}],"author":[{"embeddable":true,"href":"https:\/\/antvart.com\/es\/wp-json\/wp\/v2\/users\/1"}],"replies":[{"embeddable":true,"href":"https:\/\/antvart.com\/es\/wp-json\/wp\/v2\/comments?post=3"}],"version-history":[{"count":2,"href":"https:\/\/antvart.com\/es\/wp-json\/wp\/v2\/pages\/3\/revisions"}],"predecessor-version":[{"id":13299,"href":"https:\/\/antvart.com\/es\/wp-json\/wp\/v2\/pages\/3\/revisions\/13299"}],"wp:attachment":[{"href":"https:\/\/antvart.com\/es\/wp-json\/wp\/v2\/media?parent=3"}],"curies":[{"name":"wp","href":"https:\/\/api.w.org\/{rel}","templated":true}]}}