{"id":13074,"date":"2021-02-23T04:51:10","date_gmt":"2021-02-23T04:51:10","guid":{"rendered":"https:\/\/skola.madrasthemes.com\/?page_id=10"},"modified":"2024-08-09T12:07:20","modified_gmt":"2024-08-09T17:07:20","slug":"about-v1","status":"publish","type":"page","link":"https:\/\/antvart.com\/es\/about-v1\/","title":{"rendered":"About Us v1"},"content":{"rendered":"<div data-elementor-type=\"wp-page\" data-elementor-id=\"13074\" class=\"elementor elementor-13074\">\n\t\t\t\t\t\t<section class=\"elementor-section elementor-top-section elementor-element elementor-element-c9e4f70 elementor-section-full_width elementor-section-height-default elementor-section-height-default\" data-id=\"c9e4f70\" data-element_type=\"section\" data-settings=\"{&quot;background_background&quot;:&quot;classic&quot;}\">\n\t\t\t\t\t\t<div class=\"elementor-container elementor-column-gap-default\">\n\t\t\t\t\t<div class=\"elementor-column elementor-col-100 elementor-top-column elementor-element elementor-element-60ad943 pb-4 pb-xl-7\" data-id=\"60ad943\" data-element_type=\"column\">\n\t\t\t<div class=\"py-0  px-4 px-xl-0 elementor-widget-wrap elementor-element-populated\">\n\t\t\t\t\t\t<section class=\"elementor-section elementor-inner-section elementor-element elementor-element-5d5f770 elementor-section-boxed elementor-section-height-default elementor-section-height-default\" data-id=\"5d5f770\" data-element_type=\"section\">\n\t\t\t\t\t\t<div class=\"elementor-container elementor-column-gap-default\">\n\t\t\t\t\t<div class=\"elementor-column elementor-col-100 elementor-inner-column elementor-element elementor-element-ad6e488 text-center mb-md-6 mb-4\" data-id=\"ad6e488\" data-element_type=\"column\">\n\t\t\t<div class=\"py-0 px-4 px-md-5 px-xl-0 elementor-widget-wrap elementor-element-populated\">\n\t\t\t\t\t\t<div class=\"elementor-element elementor-element-473b956 text-capitalize mb-0 elementor-widget elementor-widget-highlighted-heading\" data-id=\"473b956\" data-element_type=\"widget\" data-widget_type=\"highlighted-heading.default\">\n\t\t\t\t<div class=\"elementor-widget-container\">\n\t\t\t<h1 class=\"skola-elementor-highlighted-heading__title mb-3\">Quienes Somos<\/h1>\t\t<\/div>\n\t\t\t\t<\/div>\n\t\t\t\t<div class=\"elementor-element elementor-element-b009b8b mb-0 elementor-widget elementor-widget-highlighted-heading\" data-id=\"b009b8b\" data-element_type=\"widget\" data-widget_type=\"highlighted-heading.default\">\n\t\t\t\t<div class=\"elementor-widget-container\">\n\t\t\t<p class=\"skola-elementor-highlighted-heading__title font-size-lg mb-5 text-capitalize\">Educaci\u00f3n de calidad para todos<\/p>\t\t<\/div>\n\t\t\t\t<\/div>\n\t\t\t\t<div class=\"elementor-element elementor-element-e567b82 mb-0 elementor-widget elementor-widget-highlighted-heading\" data-id=\"e567b82\" data-element_type=\"widget\" data-widget_type=\"highlighted-heading.default\">\n\t\t\t\t<div class=\"elementor-widget-container\">\n\t\t\t<p class=\"skola-elementor-highlighted-heading__title w-xl-80 mx-auto line-height-md mb-0\">En Antvart, nos apasiona hacer que la educaci\u00f3n de calidad sea accesible para todos. Creemos que aprender no deber\u00eda tener barreras, por lo que ofrecemos cursos de calidad, dise\u00f1ados para cualquier nivel de habilidad. Nuestra misi\u00f3n es proporcionar formaci\u00f3n completa y actualizada en diversas \u00e1reas, dise\u00f1ado para usuarios de todos los niveles. Continuamente trabajamos en el desarrollo de m\u00e1s cursos a precios asequibles, asegur\u00e1ndonos de que siempre tengas acceso a los conocimientos m\u00e1s recientes y relevantes.  Juntos, estamos construyendo una comunidad de aprendizaje inclusiva y en constante crecimiento.<\/p>\t\t<\/div>\n\t\t\t\t<\/div>\n\t\t\t\t\t<\/div>\n\t\t<\/div>\n\t\t\t\t\t<\/div>\n\t\t<\/section>\n\t\t\t\t<section class=\"elementor-section elementor-inner-section elementor-element elementor-element-06ce24a elementor-section-boxed elementor-section-height-default elementor-section-height-default\" data-id=\"06ce24a\" data-element_type=\"section\">\n\t\t\t\t\t\t<div class=\"elementor-container elementor-column-gap-default\">\n\t\t\t\t\t<div class=\"elementor-column elementor-col-100 elementor-inner-column elementor-element elementor-element-ae4edc9\" data-id=\"ae4edc9\" data-element_type=\"column\">\n\t\t\t<div class=\"py-0 mb-8 elementor-widget-wrap elementor-element-populated\">\n\t\t\t\t\t\t<div class=\"elementor-element elementor-element-f428924 elementor-widget elementor-widget-image\" data-id=\"f428924\" data-element_type=\"widget\" data-widget_type=\"image.default\">\n\t\t\t\t<div class=\"elementor-widget-container\">\n\t\t\t<style>\/*! elementor - v3.22.0 - 26-06-2024 *\/\n.elementor-widget-image{text-align:center}.elementor-widget-image a{display:inline-block}.elementor-widget-image a img[src$=\".svg\"]{width:48px}.elementor-widget-image img{vertical-align:middle;display:inline-block}<\/style>\t\t\t\t\t\t\t\t\t\t<img fetchpriority=\"high\" decoding=\"async\" width=\"980\" height=\"858\" src=\"https:\/\/antvart.com\/wp-content\/uploads\/2021\/03\/product-36-1024x897.jpg\" class=\"img-fluid attachment-large size-large wp-image-12582\" alt=\"\" srcset=\"https:\/\/antvart.com\/wp-content\/uploads\/2021\/03\/product-36-1024x897.jpg 1024w, https:\/\/antvart.com\/wp-content\/uploads\/2021\/03\/product-36-300x263.jpg 300w, https:\/\/antvart.com\/wp-content\/uploads\/2021\/03\/product-36-768x673.jpg 768w, https:\/\/antvart.com\/wp-content\/uploads\/2021\/03\/product-36.jpg 1050w\" sizes=\"(max-width: 980px) 100vw, 980px\" \/>\t\t\t\t\t\t\t\t\t\t\t\t\t<\/div>\n\t\t\t\t<\/div>\n\t\t\t\t\t<\/div>\n\t\t<\/div>\n\t\t\t\t\t<\/div>\n\t\t<\/section>\n\t\t\t\t\t<\/div>\n\t\t<\/div>\n\t\t\t\t\t<\/div>\n\t\t<\/section>\n\t\t\t\t<\/div>","protected":false},"excerpt":{"rendered":"<p>Quienes Somos Educaci\u00f3n de calidad para todos En Antvart, nos apasiona hacer que la educaci\u00f3n de calidad sea accesible para [&hellip;]<\/p>","protected":false},"author":1,"featured_media":0,"parent":0,"menu_order":0,"comment_status":"closed","ping_status":"closed","template":"elementor_header_footer","meta":{"_acf_changed":false,"footnotes":""},"class_list":["post-13074","page","type-page","status-publish","hentry"],"acf":[],"_links":{"self":[{"href":"https:\/\/antvart.com\/es\/wp-json\/wp\/v2\/pages\/13074","targetHints":{"allow":["GET"]}}],"collection":[{"href":"https:\/\/antvart.com\/es\/wp-json\/wp\/v2\/pages"}],"about":[{"href":"https:\/\/antvart.com\/es\/wp-json\/wp\/v2\/types\/page"}],"author":[{"embeddable":true,"href":"https:\/\/antvart.com\/es\/wp-json\/wp\/v2\/users\/1"}],"replies":[{"embeddable":true,"href":"https:\/\/antvart.com\/es\/wp-json\/wp\/v2\/comments?post=13074"}],"version-history":[{"count":10,"href":"https:\/\/antvart.com\/es\/wp-json\/wp\/v2\/pages\/13074\/revisions"}],"predecessor-version":[{"id":13320,"href":"https:\/\/antvart.com\/es\/wp-json\/wp\/v2\/pages\/13074\/revisions\/13320"}],"wp:attachment":[{"href":"https:\/\/antvart.com\/es\/wp-json\/wp\/v2\/media?parent=13074"}],"curies":[{"name":"wp","href":"https:\/\/api.w.org\/{rel}","templated":true}]}}